{"id":1721,"date":"2017-03-17T17:35:03","date_gmt":"2017-03-17T16:35:03","guid":{"rendered":"http:\/\/s921971305.online.de\/?page_id=1721"},"modified":"2022-09-08T19:34:12","modified_gmt":"2022-09-08T17:34:12","slug":"karriere","status":"publish","type":"page","link":"https:\/\/www.pbs-sales.eu\/de\/karriere\/","title":{"rendered":"Karriere"},"content":{"rendered":"<div class=\"fusion-fullwidth fullwidth-box fusion-builder-row-1 fusion-flex-container has-pattern-background has-mask-background nonhundred-percent-fullwidth non-hundred-percent-height-scrolling remove-padding-mobile\" style=\"--awb-border-radius-top-left:0px;--awb-border-radius-top-right:0px;--awb-border-radius-bottom-right:0px;--awb-border-radius-bottom-left:0px;--awb-padding-top:3em;--awb-padding-bottom:3em;--awb-background-color:#afd6e9;--awb-flex-wrap:wrap;\" id=\"career-text-container\" ><div class=\"fusion-builder-row fusion-row fusion-flex-align-items-flex-start fusion-flex-justify-content-center fusion-flex-content-wrap\" style=\"max-width:1456px;margin-left: calc(-4% \/ 2 );margin-right: calc(-4% \/ 2 );\"><div class=\"fusion-layout-column fusion_builder_column fusion-builder-column-0 fusion_builder_column_2_3 2_3 fusion-flex-column\" style=\"--awb-bg-size:cover;--awb-width-large:66.666666666667%;--awb-margin-top-large:0px;--awb-spacing-right-large:2.88%;--awb-margin-bottom-large:0px;--awb-spacing-left-large:2.88%;--awb-width-medium:100%;--awb-spacing-right-medium:1.92%;--awb-spacing-left-medium:1.92%;--awb-width-small:100%;--awb-spacing-right-small:1.92%;--awb-spacing-left-small:1.92%;\"><div class=\"fusion-column-wrapper fusion-column-has-shadow fusion-flex-justify-content-center fusion-content-layout-column\"><div class=\"fusion-title title fusion-title-1 fusion-sep-none fusion-title-center fusion-title-text fusion-title-size-one\" style=\"--awb-margin-top-small:0px;--awb-margin-right-small:0px;--awb-margin-bottom-small:0px;--awb-margin-left-small:0px;\"><h1 class=\"fusion-title-heading title-heading-center fusion-responsive-typography-calculated\" style=\"--fontSize:57.375;line-height:1.3;\">Karriere<\/h1><\/div><div class=\"fusion-title title fusion-title-2 fusion-sep-none fusion-title-center fusion-title-text fusion-title-size-two\" style=\"--awb-margin-top-small:0px;--awb-margin-right-small:0px;--awb-margin-bottom-small:0px;--awb-margin-left-small:0px;\"><h2 class=\"fusion-title-heading title-heading-center fusion-responsive-typography-calculated\" style=\"--fontSize:33.75;line-height:1.4;\">Werden Sie Teil des Teams!<\/h2><\/div><div class=\"fusion-text fusion-text-1\"><p>PBS Sales ist eine moderne, international t\u00e4tige Industrievertretung. Seit 25 Jahren erschlie\u00dfen wir f\u00fcr Hersteller erkl\u00e4rungsbed\u00fcrftiger Komponenten, Systeme und Softwarel\u00f6sungen neue M\u00e4rkte im In- und Ausland.<\/p>\n<p>Wir sind st\u00e4ndig auf der Suche nach Vertriebstalenten (m\/w), die Teil unseres Teams werden m\u00f6chten.<\/p>\n<p>Wenn Sie sich f\u00fcr technischen Vertrieb begeistern und uns und unsere Kunden auf Ihrem Wachstumskurs unterst\u00fctzen m\u00f6chten, schicken Sie Ihren Lebenslauf an Sandra Berger unter <a href=\"mailto:contact@pbs-sales.eu\">contact@pbs-sales.eu<\/a>.<\/p>\n<p style=\"text-align: center;\"><strong>Wir freuen uns darauf, von Ihnen zu h\u00f6ren!<\/strong><\/p>\n<\/div><\/div><\/div><\/div><\/div>\n","protected":false},"excerpt":{"rendered":"","protected":false},"author":5,"featured_media":0,"parent":0,"menu_order":0,"comment_status":"closed","ping_status":"closed","template":"100-width.php","meta":{"_acf_changed":false,"footnotes":""},"class_list":["post-1721","page","type-page","status-publish","hentry"],"acf":[],"_links":{"self":[{"href":"https:\/\/www.pbs-sales.eu\/de\/wp-json\/wp\/v2\/pages\/1721","targetHints":{"allow":["GET"]}}],"collection":[{"href":"https:\/\/www.pbs-sales.eu\/de\/wp-json\/wp\/v2\/pages"}],"about":[{"href":"https:\/\/www.pbs-sales.eu\/de\/wp-json\/wp\/v2\/types\/page"}],"author":[{"embeddable":true,"href":"https:\/\/www.pbs-sales.eu\/de\/wp-json\/wp\/v2\/users\/5"}],"replies":[{"embeddable":true,"href":"https:\/\/www.pbs-sales.eu\/de\/wp-json\/wp\/v2\/comments?post=1721"}],"version-history":[{"count":0,"href":"https:\/\/www.pbs-sales.eu\/de\/wp-json\/wp\/v2\/pages\/1721\/revisions"}],"wp:attachment":[{"href":"https:\/\/www.pbs-sales.eu\/de\/wp-json\/wp\/v2\/media?parent=1721"}],"curies":[{"name":"wp","href":"https:\/\/api.w.org\/{rel}","templated":true}]}}